{"id":383,"date":"2025-11-27T13:58:08","date_gmt":"2025-11-27T13:58:08","guid":{"rendered":"https:\/\/vezecz.cz\/?page_id=383"},"modified":"2025-11-27T14:41:08","modified_gmt":"2025-11-27T14:41:08","slug":"kontakt","status":"publish","type":"page","link":"https:\/\/vezecz.cz\/en\/kontakt\/","title":{"rendered":"kontakt"},"content":{"rendered":"<div data-elementor-type=\"wp-page\" data-elementor-id=\"383\" class=\"elementor elementor-383\" data-elementor-post-type=\"page\">\n\t\t\t\t<div class=\"elementor-element elementor-element-a748c4c e-con-full e-flex e-con e-parent\" data-id=\"a748c4c\" data-element_type=\"container\" data-settings=\"{&quot;background_background&quot;:&quot;classic&quot;}\">\n\t\t\t\t<div class=\"elementor-element elementor-element-08a2c63 elementor-widget elementor-widget-heading\" data-id=\"08a2c63\" data-element_type=\"widget\" data-widget_type=\"heading.default\">\n\t\t\t\t\t<h2 class=\"elementor-heading-title elementor-size-default\">Contact<\/h2>\t\t\t\t<\/div>\n\t\t<div class=\"elementor-element elementor-element-64d30d9 e-con-full e-flex e-con e-child\" data-id=\"64d30d9\" data-element_type=\"container\">\n\t\t<div class=\"elementor-element elementor-element-d3e1bd7 e-con-full e-flex e-con e-child\" data-id=\"d3e1bd7\" data-element_type=\"container\" data-settings=\"{&quot;background_background&quot;:&quot;classic&quot;}\">\n\t\t\t\t<div class=\"elementor-element elementor-element-453e2ff elementor-widget elementor-widget-text-editor\" data-id=\"453e2ff\" data-element_type=\"widget\" data-widget_type=\"text-editor.default\">\n\t\t\t\t\t\t\t\t\t<p>Do you require a feasibility study, technical documentation, or would you like to discuss your <span style=\"color: #ff0000;\">investment plan?<\/span><\/p>\t\t\t\t\t\t\t\t<\/div>\n\t\t\t\t<div class=\"elementor-element elementor-element-5860e57 elementor-widget elementor-widget-text-editor\" data-id=\"5860e57\" data-element_type=\"widget\" data-widget_type=\"text-editor.default\">\n\t\t\t\t\t\t\t\t\t<p><strong>Expert consulting and inquiries<\/strong><\/p>\t\t\t\t\t\t\t\t<\/div>\n\t\t\t\t<div class=\"elementor-element elementor-element-461cfad elementor-widget elementor-widget-text-editor\" data-id=\"461cfad\" data-element_type=\"widget\" data-widget_type=\"text-editor.default\">\n\t\t\t\t\t\t\t\t\t<p><strong>+420&nbsp;733&nbsp;684&nbsp;466<br \/>info@vezecz.cz<br \/><br \/><\/strong>V\u011b\u017ee CZ s.r.o. Company ID (I\u010c): 045 81 946 <br \/>Hodolany 1233, 779 00 Olomouc, Czech Republic<\/p>\t\t\t\t\t\t\t\t<\/div>\n\t\t\t\t<div class=\"elementor-element elementor-element-a6bbe7b elementor-align-justify elementor-widget__width-inherit elementor-mobile-align-justify elementor-widget-mobile__width-inherit elementor-widget elementor-widget-button\" data-id=\"a6bbe7b\" data-element_type=\"widget\" data-widget_type=\"button.default\">\n\t\t\t\t\t\t\t\t\t\t<a class=\"elementor-button elementor-button-link elementor-size-sm elementor-animation-hang\" href=\"#elementor-action%3Aaction%3Dpopup%3Aopen%26settings%3DeyJpZCI6IjQzMSIsInRvZ2dsZSI6ZmFsc2V9\">\n\t\t\t\t\t\t<span class=\"elementor-button-content-wrapper\">\n\t\t\t\t\t\t<span class=\"elementor-button-icon\">\n\t\t\t\t<svg xmlns=\"http:\/\/www.w3.org\/2000\/svg\" id=\"Vrstva_2\" data-name=\"Vrstva 2\" viewbox=\"0 0 7.3 7.32\"><defs><style>      .cls-1 {        fill: red;      }    <\/style><\/defs><g id=\"Vrstva_1-2\" data-name=\"Vrstva 1\"><path class=\"cls-1\" d=\"M1.21,7.32l-1.21-1.21L4.35,1.75l-3.66.35-.13-1.81,6.74-.29-.29,6.76-1.79-.13.34-3.66L1.21,7.32Z\"><\/path><\/g><\/svg>\t\t\t<\/span>\n\t\t\t\t\t\t\t\t\t<span class=\"elementor-button-text\">Calculate return on investment<\/span>\n\t\t\t\t\t<\/span>\n\t\t\t\t\t<\/a>\n\t\t\t\t\t\t\t\t<\/div>\n\t\t\t\t<\/div>\n\t\t<div class=\"elementor-element elementor-element-e333d54 e-con-full e-flex e-con e-child\" data-id=\"e333d54\" data-element_type=\"container\" data-settings=\"{&quot;background_background&quot;:&quot;classic&quot;}\">\n\t\t\t\t<div class=\"elementor-element elementor-element-d803d87 elementor-widget elementor-widget-google_maps\" data-id=\"d803d87\" data-element_type=\"widget\" data-widget_type=\"google_maps.default\">\n\t\t\t\t\t\t\t<div class=\"elementor-custom-embed\">\n\t\t\t<iframe loading=\"lazy\"\n\t\t\t\t\tsrc=\"https:\/\/maps.google.com\/maps?q=Hodolany%201233%2C%20779%2000%20Olomouc&#038;t=m&#038;z=6&#038;output=embed&#038;iwloc=near\"\n\t\t\t\t\ttitle=\"Hodolany 1233, 779 00 Olomouc\"\n\t\t\t\t\taria-label=\"Hodolany 1233, 779 00 Olomouc\"\n\t\t\t><\/iframe>\n\t\t<\/div>\n\t\t\t\t\t\t<\/div>\n\t\t\t\t<\/div>\n\t\t\t\t<\/div>\n\t\t\t\t<\/div>\n\t\t\t\t<\/div>","protected":false},"excerpt":{"rendered":"<p>Kontakt Chcete studii, dokumentaci, nebo jen probrat investi\u010dn\u00ed z\u00e1m\u011br? Odborn\u00e9 poradenstv\u00ed a&nbsp;dotazy +420&nbsp;733&nbsp;684&nbsp;466info@vezecz.cz V\u011b\u017ee CZ s.r.o I\u010c 045&nbsp;81&nbsp;946 Hodolany 1233, 779&nbsp;00 Olomouc Spo\u010d\u00edtat n\u00e1vratnost investice<\/p>","protected":false},"author":1,"featured_media":0,"parent":0,"menu_order":0,"comment_status":"closed","ping_status":"closed","template":"elementor_header_footer","meta":{"footnotes":""},"class_list":["post-383","page","type-page","status-publish","hentry"],"_links":{"self":[{"href":"https:\/\/vezecz.cz\/en\/wp-json\/wp\/v2\/pages\/383","targetHints":{"allow":["GET"]}}],"collection":[{"href":"https:\/\/vezecz.cz\/en\/wp-json\/wp\/v2\/pages"}],"about":[{"href":"https:\/\/vezecz.cz\/en\/wp-json\/wp\/v2\/types\/page"}],"author":[{"embeddable":true,"href":"https:\/\/vezecz.cz\/en\/wp-json\/wp\/v2\/users\/1"}],"replies":[{"embeddable":true,"href":"https:\/\/vezecz.cz\/en\/wp-json\/wp\/v2\/comments?post=383"}],"version-history":[{"count":58,"href":"https:\/\/vezecz.cz\/en\/wp-json\/wp\/v2\/pages\/383\/revisions"}],"predecessor-version":[{"id":470,"href":"https:\/\/vezecz.cz\/en\/wp-json\/wp\/v2\/pages\/383\/revisions\/470"}],"wp:attachment":[{"href":"https:\/\/vezecz.cz\/en\/wp-json\/wp\/v2\/media?parent=383"}],"curies":[{"name":"wp","href":"https:\/\/api.w.org\/{rel}","templated":true}]}}